{"id":1089,"date":"2022-10-17T15:39:41","date_gmt":"2022-10-17T15:39:41","guid":{"rendered":"https:\/\/www.publibolsa.es\/?page_id=1089"},"modified":"2023-05-21T11:57:16","modified_gmt":"2023-05-21T11:57:16","slug":"empresa","status":"publish","type":"page","link":"https:\/\/www.publibolsa.es\/?page_id=1089","title":{"rendered":"Empresa"},"content":{"rendered":"<h1>PUBLIBOLSA.ES<\/h1>\n<p>Somos una empresa especializada en bolsas de papel desde el a\u00f1o 2000,<\/p>\n<p>Fabricamos bolsas de Lujo, Reimprimimos bolsas de papel de Asa Retorcida, Asa Plana. Tanto en Serigrafia, Flexografia y Impresi\u00f3n Digital.<\/p>\n<p>Tambi\u00e9n reimprimimos bolsas de TST y Algod\u00f3n en Serigrafia.<\/p>\n","protected":false},"excerpt":{"rendered":"<p>PUBLIBOLSA.ES Somos una empresa especializada en bolsas de papel desde el a\u00f1o 2000, Fabricamos bolsas de Lujo, Reimprimimos bolsas de papel de Asa Retorcida, Asa Plana. Tanto en Serigrafia, Flexografia y Impresi\u00f3n Digital. Tambi\u00e9n reimprimimos bolsas de TST y Algod\u00f3n en Serigrafia.<\/p>\n","protected":false},"author":1,"featured_media":0,"parent":0,"menu_order":0,"comment_status":"closed","ping_status":"closed","template":"","meta":{"footnotes":""},"class_list":["post-1089","page","type-page","status-publish","hentry"],"_links":{"self":[{"href":"https:\/\/www.publibolsa.es\/index.php?rest_route=\/wp\/v2\/pages\/1089","targetHints":{"allow":["GET"]}}],"collection":[{"href":"https:\/\/www.publibolsa.es\/index.php?rest_route=\/wp\/v2\/pages"}],"about":[{"href":"https:\/\/www.publibolsa.es\/index.php?rest_route=\/wp\/v2\/types\/page"}],"author":[{"embeddable":true,"href":"https:\/\/www.publibolsa.es\/index.php?rest_route=\/wp\/v2\/users\/1"}],"replies":[{"embeddable":true,"href":"https:\/\/www.publibolsa.es\/index.php?rest_route=%2Fwp%2Fv2%2Fcomments&post=1089"}],"version-history":[{"count":5,"href":"https:\/\/www.publibolsa.es\/index.php?rest_route=\/wp\/v2\/pages\/1089\/revisions"}],"predecessor-version":[{"id":1121,"href":"https:\/\/www.publibolsa.es\/index.php?rest_route=\/wp\/v2\/pages\/1089\/revisions\/1121"}],"wp:attachment":[{"href":"https:\/\/www.publibolsa.es\/index.php?rest_route=%2Fwp%2Fv2%2Fmedia&parent=1089"}],"curies":[{"name":"wp","href":"https:\/\/api.w.org\/{rel}","templated":true}]}}